{"id":7,"date":"2014-02-02T23:21:13","date_gmt":"2014-02-02T21:21:13","guid":{"rendered":"http:\/\/russisch-unterricht.com\/?page_id=7"},"modified":"2017-03-06T23:09:52","modified_gmt":"2017-03-06T21:09:52","slug":"hallo-russisch-interessierte","status":"publish","type":"page","link":"http:\/\/russisch-unterricht.com\/","title":{"rendered":"Hallo Russisch-Interessierte!"},"content":{"rendered":"<p style=\"text-align: center;\"><strong>Hier entsteht in K\u00fcrze meine Homepage f\u00fcr qualifizierten, muttersprachlichen Russisch-Unterricht f\u00fcr Kinder<br \/>\nRussisch\u00a0als Fremdsprache (alle Altersstufen)<br \/>\n\u00dcbersetzungen<br \/>\nExkursionen<br \/>\n<\/strong><span style=\"color: #333333;\"><strong>in Frankfurt\/M!!<\/strong><\/span><\/p>\n<p style=\"text-align: center;\"><span style=\"color: #333333;\"><strong>Bis dahin erhalten Sie weitere Information schon \u00fcber:<\/strong><\/span><\/p>\n<p style=\"text-align: center;\"><span style=\"color: #333333;\"><strong>069-445177 oder<\/strong><\/span><br \/>\n<span style=\"color: #333333;\"> <strong>0151-64950450<\/strong><\/span><\/p>\n","protected":false},"excerpt":{"rendered":"<p>Hier entsteht in K\u00fcrze meine Homepage f\u00fcr qualifizierten, muttersprachlichen Russisch-Unterricht f\u00fcr Kinder Russisch\u00a0als Fremdsprache (alle Altersstufen) \u00dcbersetzungen Exkursionen in Frankfurt\/M!! Bis dahin erhalten Sie weitere Information schon \u00fcber: 069-445177 oder 0151-64950450<\/p>\n","protected":false},"author":1,"featured_media":0,"parent":0,"menu_order":0,"comment_status":"closed","ping_status":"closed","template":"","meta":[],"_links":{"self":[{"href":"http:\/\/russisch-unterricht.com\/index.php?rest_route=\/wp\/v2\/pages\/7"}],"collection":[{"href":"http:\/\/russisch-unterricht.com\/index.php?rest_route=\/wp\/v2\/pages"}],"about":[{"href":"http:\/\/russisch-unterricht.com\/index.php?rest_route=\/wp\/v2\/types\/page"}],"author":[{"embeddable":true,"href":"http:\/\/russisch-unterricht.com\/index.php?rest_route=\/wp\/v2\/users\/1"}],"replies":[{"embeddable":true,"href":"http:\/\/russisch-unterricht.com\/index.php?rest_route=%2Fwp%2Fv2%2Fcomments&post=7"}],"version-history":[{"count":7,"href":"http:\/\/russisch-unterricht.com\/index.php?rest_route=\/wp\/v2\/pages\/7\/revisions"}],"predecessor-version":[{"id":37,"href":"http:\/\/russisch-unterricht.com\/index.php?rest_route=\/wp\/v2\/pages\/7\/revisions\/37"}],"wp:attachment":[{"href":"http:\/\/russisch-unterricht.com\/index.php?rest_route=%2Fwp%2Fv2%2Fmedia&parent=7"}],"curies":[{"name":"wp","href":"https:\/\/api.w.org\/{rel}","templated":true}]}}